{"id":32,"date":"2016-11-14T19:12:02","date_gmt":"2016-11-14T19:12:02","guid":{"rendered":"http:\/\/casmal.pt\/home\/?page_id=32"},"modified":"2016-11-15T14:26:37","modified_gmt":"2016-11-15T14:26:37","slug":"casmal","status":"publish","type":"page","link":"https:\/\/casmal.pt\/home\/casmal\/","title":{"rendered":"CASMAL"},"content":{"rendered":"<div id=\"pl-32\"  class=\"panel-layout\" ><div id=\"pg-32-0\"  class=\"panel-grid panel-no-style\" ><div id=\"pgc-32-0-0\"  class=\"panel-grid-cell\" ><div id=\"panel-32-0-0-0\" class=\"so-panel widget widget_sow-image panel-first-child\" data-index=\"0\" ><div\n\t\t\t\n\t\t\tclass=\"so-widget-sow-image so-widget-sow-image-default-8b5b6f678277-32\"\n\t\t\t\n\t\t>\n<div class=\"sow-image-container\">\n\t\t<img \n\tsrc=\"https:\/\/casmal.pt\/home\/wp-content\/uploads\/2016\/11\/imagem_casmal.jpg\" width=\"710\" height=\"234\" srcset=\"https:\/\/casmal.pt\/home\/wp-content\/uploads\/2016\/11\/imagem_casmal.jpg 710w, https:\/\/casmal.pt\/home\/wp-content\/uploads\/2016\/11\/imagem_casmal-300x99.jpg 300w\" sizes=\"(max-width: 710px) 100vw, 710px\" alt=\"\" \t\tclass=\"so-widget-image\"\/>\n\t<\/div>\n\n<\/div><\/div><div id=\"panel-32-0-0-1\" class=\"so-panel widget widget_black-studio-tinymce widget_black_studio_tinymce panel-last-child\" data-index=\"1\" ><div class=\"textwidget\"><h3><strong>Apresenta\u00e7\u00e3o<\/strong><\/h3>\n<p style=\"text-align: justify;\">A Casmal \u2013 Casas de Madeira Lda \u00e9 uma empresa criada recentemente para satisfazer as exig\u00eancias elevadas do nosso mercado. Tem na sua hist\u00f3ria uma Carpintaria\/Mercenaria tradicional, onde o nosso pessoal especializado adquiriu elevados n\u00edveis de conhecimento e experi\u00eancia em fabrica\u00e7\u00e3o e constru\u00e7\u00e3o de casas de madeira para habita\u00e7\u00e3o permanente.<\/p>\n<p style=\"text-align: justify;\">Hoje com mais de 45 anos de Inova\u00e7\u00e3o e Tecnologia possui uma firma equipada com m\u00e1quinas modernas, com m\u00e3o de obra especializada de artes\u00e3os, que s\u00e3o carpinteiros tradicionais na arte de bem trabalhar a madeira. \u00c9 esta tradi\u00e7\u00e3o que nos motiva a fabricar bem, suportada por novas tecnologias de ponta, oferecendo assim diversas solu\u00e7\u00f5es concebidas para serem actuais, confort\u00e1veis, seguras, duradouras atraentes e econ\u00f3micas.<\/p>\n<h3 style=\"text-align: justify;\"><strong>Miss\u00e3o e Valores<\/strong><\/h3>\n<p style=\"text-align: justify;\">A nossa miss\u00e3o \u00e9 para com todos aqueles que gostam de desfrutar e preservar a sua qualidade de vida, que procuram ambientes integrados numa viv\u00eancia de contacto com a natureza. Privilegiamos com solu\u00e7\u00f5es de arquitetura moderna, atraente, funcional, inovadora com um pre\u00e7o convidativo e uma grande qualidade.<\/p>\n<p style=\"text-align: justify;\">Porque os dias de hoje s\u00e3o vividos a um ritmo alucinante e para se passar \u00e0 margem do \u201cstress\u201d di\u00e1rio, nada mais adequado que dispor de uma constru\u00e7\u00e3o de excel\u00eancia com vantagens adicionais de conforto que respondem \u00e0s exig\u00eancias de repouso e de bem-estar, tanto de Ver\u00e3o como de Inverno.<\/p>\n<\/div><\/div><\/div><div id=\"pgc-32-0-1\"  class=\"panel-grid-cell\" ><div id=\"panel-32-0-1-0\" class=\"so-panel widget widget_nav_menu panel-first-child\" data-index=\"2\" ><h3 class=\"widget-title\">CASAS DE MADEIRA<\/h3><div class=\"menu-modelos-container\"><ul id=\"menu-modelos\" class=\"menu\"><li id=\"menu-item-71\" class=\"menu-item menu-item-type-post_type menu-item-object-page menu-item-71\"><a href=\"https:\/\/casmal.pt\/home\/casas-de-madeira\/\">Casas de Madeira<\/a><\/li>\n<li id=\"menu-item-74\" class=\"menu-item menu-item-type-post_type menu-item-object-page menu-item-74\"><a href=\"https:\/\/casmal.pt\/home\/bungalows\/\">Bungalows<\/a><\/li>\n<li id=\"menu-item-77\" class=\"menu-item menu-item-type-post_type menu-item-object-page menu-item-77\"><a href=\"https:\/\/casmal.pt\/home\/bares-praia-e-restaurantes\/\">Bares de Praia e Restaurantes<\/a><\/li>\n<li id=\"menu-item-80\" class=\"menu-item menu-item-type-post_type menu-item-object-page menu-item-80\"><a href=\"https:\/\/casmal.pt\/home\/estrutras-gan-nail-lameladas\/\">Estruturas de Gang Nail\/Lameladas<\/a><\/li>\n<li id=\"menu-item-83\" class=\"menu-item menu-item-type-post_type menu-item-object-page menu-item-83\"><a href=\"https:\/\/casmal.pt\/home\/reabilitacoes\/\">Reabilita\u00e7\u00f5es<\/a><\/li>\n<li id=\"menu-item-86\" class=\"menu-item menu-item-type-post_type menu-item-object-page menu-item-86\"><a href=\"https:\/\/casmal.pt\/home\/mobiliario-jardim-urbano\/\">Mobili\u00e1rio de Jardim e Urbano<\/a><\/li>\n<li id=\"menu-item-89\" class=\"menu-item menu-item-type-post_type menu-item-object-page menu-item-89\"><a href=\"https:\/\/casmal.pt\/home\/passadicos-pontes-decks\/\">Passadi\u00e7os\/Pontes e Decks<\/a><\/li>\n<li id=\"menu-item-92\" class=\"menu-item menu-item-type-post_type menu-item-object-page menu-item-92\"><a href=\"https:\/\/casmal.pt\/home\/telheiros\/\">Telheiros<\/a><\/li>\n<\/ul><\/div><\/div><div id=\"panel-32-0-1-1\" class=\"so-panel widget widget_text panel-last-child\" data-index=\"3\" ><h3 class=\"widget-title\">FACEBOOK<\/h3>\t\t\t<div class=\"textwidget\"><div id=\"fb-root\"><\/div>\n<script>(function(d, s, id) {\n  var js, fjs = d.getElementsByTagName(s)[0];\n  if (d.getElementById(id)) return;\n  js = d.createElement(s); js.id = id;\n  js.src = \"\/\/connect.facebook.net\/pt_PT\/sdk.js#xfbml=1&version=v2.8&appId=2128519710706903\";\n  fjs.parentNode.insertBefore(js, fjs);\n}(document, 'script', 'facebook-jssdk'));<\/script>\n\n<div class=\"fb-page\" data-href=\"https:\/\/www.facebook.com\/Casmal-Lda-326470727526868\/\" data-small-header=\"false\" data-adapt-container-width=\"true\" data-hide-cover=\"false\" data-show-facepile=\"true\"><blockquote cite=\"https:\/\/www.facebook.com\/Casmal-Lda-326470727526868\/\" class=\"fb-xfbml-parse-ignore\"><a href=\"https:\/\/www.facebook.com\/Casmal-Lda-326470727526868\/\">Casmal Lda<\/a><\/blockquote><\/div><\/div>\n\t\t<\/div><\/div><\/div><\/div>","protected":false},"excerpt":{"rendered":"<p>Apresenta\u00e7\u00e3oA Casmal \u2013 Casas de Madeira Lda \u00e9 uma empresa criada recentemente para satisfazer as exig\u00eancias elevadas do nosso mercado. Tem na sua hist\u00f3ria uma Carpintaria\/Mercenaria tradicional, onde o nosso pessoal especializado adquiriu elevados n\u00edveis de conhecimento e experi\u00eancia em fabrica\u00e7\u00e3o e constru\u00e7\u00e3o de casas de madeira para habita\u00e7\u00e3o permanente.Hoje com mais de 45 anos &#8230; <a title=\"CASMAL\" class=\"read-more\" href=\"https:\/\/casmal.pt\/home\/casmal\/\">Ler mais <span class=\"screen-reader-text\">CASMAL<\/span><\/a><\/p>\n","protected":false},"author":2,"featured_media":0,"parent":0,"menu_order":0,"comment_status":"closed","ping_status":"closed","template":"","meta":{"ngg_post_thumbnail":0,"footnotes":""},"class_list":["post-32","page","type-page","status-publish"],"_links":{"self":[{"href":"https:\/\/casmal.pt\/home\/wp-json\/wp\/v2\/pages\/32","targetHints":{"allow":["GET"]}}],"collection":[{"href":"https:\/\/casmal.pt\/home\/wp-json\/wp\/v2\/pages"}],"about":[{"href":"https:\/\/casmal.pt\/home\/wp-json\/wp\/v2\/types\/page"}],"author":[{"embeddable":true,"href":"https:\/\/casmal.pt\/home\/wp-json\/wp\/v2\/users\/2"}],"replies":[{"embeddable":true,"href":"https:\/\/casmal.pt\/home\/wp-json\/wp\/v2\/comments?post=32"}],"version-history":[{"count":7,"href":"https:\/\/casmal.pt\/home\/wp-json\/wp\/v2\/pages\/32\/revisions"}],"predecessor-version":[{"id":108,"href":"https:\/\/casmal.pt\/home\/wp-json\/wp\/v2\/pages\/32\/revisions\/108"}],"wp:attachment":[{"href":"https:\/\/casmal.pt\/home\/wp-json\/wp\/v2\/media?parent=32"}],"curies":[{"name":"wp","href":"https:\/\/api.w.org\/{rel}","templated":true}]}}